{"id":357,"date":"2022-05-04T07:20:50","date_gmt":"2022-05-04T10:20:50","guid":{"rendered":"https:\/\/biblio.iupa.edu.ar\/index.php\/about-us\/"},"modified":"2025-05-06T19:55:24","modified_gmt":"2025-05-06T22:55:24","slug":"usuarios","status":"publish","type":"page","link":"https:\/\/biblio.iupa.edu.ar\/?page_id=357","title":{"rendered":"Usuarios"},"content":{"rendered":"\n<div id=\"estudiantes\" class=\"wp-block-uagb-container uagb-block-3aee13b2 alignfull uagb-is-root-container\"><div class=\"uagb-container-inner-blocks-wrap\">\n<div class=\"wp-block-columns alignwide is-layout-flex wp-container-core-columns-is-layout-28f84493 wp-block-columns-is-layout-flex\">\n<div class=\"wp-block-column is-layout-flow wp-block-column-is-layout-flow\">\n<h2 class=\"wp-block-heading has-text-align-center has-ast-global-color-5-color has-text-color has-large-font-size\" style=\"font-style:normal;font-weight:600\">Estudiantes<\/h2>\n<\/div>\n<\/div>\n<\/div><\/div>\n\n\n\n<div class=\"wp-block-uagb-container uagb-block-2d3c41d3 alignfull uagb-is-root-container\"><div class=\"uagb-container-inner-blocks-wrap\">\n<div class=\"wp-block-uagb-container uagb-block-c9940438\">\n<div class=\"wp-block-uagb-container uagb-block-13b8841b\">\n<div class=\"wp-block-columns is-layout-flex wp-container-core-columns-is-layout-28f84493 wp-block-columns-is-layout-flex\">\n<div class=\"wp-block-column is-layout-flow wp-block-column-is-layout-flow\">\n<div class=\"wp-block-uagb-info-box uagb-block-c017a602 uagb-infobox__content-wrap  uagb-infobox-icon-above-title uagb-infobox-image-valign-top\"><div class=\"uagb-ifb-content\"><div class=\"uagb-ifb-title-wrap\"><h3 class=\"uagb-ifb-title\">    Como Asociarse<\/h3><\/div><p class=\"uagb-ifb-desc\">Los estudiantes, para registrarse como usuarios de la biblioteca, deben completar el  formulario electr\u00f3nico a seguir, o comunicarse por correo a <strong><a href=\"mailto:biblioteca@iupa.edu.ar&quot;\">biblioteca@iupa.edu.ar<\/a><\/strong> o dirigirse personalmente a la biblioteca.<br>.<\/p><div class=\"uagb-ifb-button-wrapper wp-block-button\"><a href=\"https:\/\/forms.gle\/iCm6D7ZTfjStvKY18\" class=\"uagb-infobox-cta-link wp-block-button__link\" target=\"_blank\" rel=\"noopener noreferrer\" onclick=\"return true;\"><span class=\"uagb-inline-editing\"> Formulario<\/span><\/a><\/div><\/div><\/div>\n<\/div>\n\n\n\n<div class=\"wp-block-column is-layout-flow wp-block-column-is-layout-flow\">\n<div class=\"wp-block-uagb-advanced-heading uagb-block-821a4cfd\"><h2 class=\"uagb-heading-text\">      Servicios<\/h2><\/div>\n\n\n\n<ul class=\"wp-block-list\">\n<li>Pr\u00e9stamo diario al aula o a domicilio de materiales bibliogr\u00e1ficos y partituras.<\/li>\n\n\n\n<li>Consulta en Sala de Lectura<\/li>\n\n\n\n<li>Servicio de referencia.<\/li>\n\n\n\n<li>Consulta de materiales bibliogr\u00e1ficos, publicaciones peri\u00f3dicas, partituras, materiales especiales a trav\u00e9s del cat\u00e1logo en l\u00ednea.<\/li>\n\n\n\n<li>Acceso a la biblioteca digital eLibro. Plataforma que permite el pr\u00e9stamo de libros electr\u00f3nicos a la comunidad del IUPA. Puede ser utilizada en cualquier dispositivo (PC, tablet, dispositivo m\u00f3vil).<\/li>\n\n\n\n<li>Buz\u00f3n de devoluciones.<\/li>\n\n\n\n<li>Acceso a red Wi- Fi.<\/li>\n<\/ul>\n<\/div>\n<\/div>\n<\/div>\n<\/div>\n<\/div><\/div>\n\n\n\n<div id=\"docentes\" class=\"wp-block-uagb-container uagb-block-a8d55819 alignfull uagb-is-root-container\"><div class=\"uagb-container-inner-blocks-wrap\">\n<div class=\"wp-block-columns is-layout-flex wp-container-core-columns-is-layout-28f84493 wp-block-columns-is-layout-flex\">\n<div class=\"wp-block-column is-layout-flow wp-block-column-is-layout-flow\">\n<h2 class=\"wp-block-heading has-text-align-center has-ast-global-color-5-color has-text-color has-large-font-size\" style=\"font-style:normal;font-weight:600\">Docentes<\/h2>\n<\/div>\n<\/div>\n<\/div><\/div>\n\n\n\n<div class=\"wp-block-uagb-container uagb-block-97f6d392 alignfull uagb-is-root-container\"><div class=\"uagb-container-inner-blocks-wrap\">\n<div class=\"wp-block-uagb-container uagb-block-5d47ce56\">\n<div class=\"wp-block-uagb-container uagb-block-9810bc6f\">\n<div class=\"wp-block-columns is-layout-flex wp-container-core-columns-is-layout-28f84493 wp-block-columns-is-layout-flex\">\n<div class=\"wp-block-column is-layout-flow wp-block-column-is-layout-flow\">\n<div class=\"wp-block-uagb-info-box uagb-block-775bd6e7 uagb-infobox__content-wrap  uagb-infobox-icon-above-title uagb-infobox-image-valign-top\"><div class=\"uagb-ifb-content\"><div class=\"uagb-ifb-title-wrap\"><h3 class=\"uagb-ifb-title\">    Como Asociarse<\/h3><\/div><p class=\"uagb-ifb-desc\">Los docentes e investigadores, para registrarse como usuarios de la biblioteca,  deben completar el  formulario electr\u00f3nico a seguir, o comunicarse por correo a<a href=\"http:\/\/localhost\/wordpress\/sugerencias-bibliograficas\/#contacto\" data-type=\"URL\" data-id=\"http:\/\/localhost\/wordpress\/sugerencias-bibliograficas\/#contacto\"> <\/a><strong><a href=\"mailto:biblioteca@iupa.edu.ar\" data-type=\"URL\" data-id=\"http:\/\/localhost\/wordpress\/sugerencias-bibliograficas\/#contacto\">biblioteca@iu<\/a><\/strong><a href=\"http:\/\/localhost\/wordpress\/sugerencias-bibliograficas\/#contacto\" data-type=\"URL\" data-id=\"http:\/\/localhost\/wordpress\/sugerencias-bibliograficas\/#contacto\"><strong>pa.edu.ar<\/strong><\/a> o dirigirse personalmente a la biblioteca.<br>.<\/p><div class=\"uagb-ifb-button-wrapper wp-block-button\"><a href=\"https:\/\/forms.gle\/iCm6D7ZTfjStvKY18\" class=\"uagb-infobox-cta-link wp-block-button__link\" target=\"_blank\" rel=\"noopener noreferrer\" onclick=\"return true;\"><span class=\"uagb-inline-editing\">Formulario<\/span><\/a><\/div><\/div><\/div>\n<\/div>\n\n\n\n<div class=\"wp-block-column is-layout-flow wp-block-column-is-layout-flow\">\n<div class=\"wp-block-uagb-advanced-heading uagb-block-bdb15e73\"><h2 class=\"uagb-heading-text\">      Servicios<\/h2><\/div>\n\n\n\n<ul class=\"wp-block-list\">\n<li>Pr\u00e9stamo diario al aula o a domicilio de materiales bibliogr\u00e1ficos y partituras.<\/li>\n\n\n\n<li>Servicio de alerta bibliogr\u00e1fico.<\/li>\n\n\n\n<li>B\u00fasquedas bibliogr\u00e1ficas selectivas.<\/li>\n\n\n\n<li>Consulta en Sala de Lectura<\/li>\n\n\n\n<li>Consulta de materiales bibliogr\u00e1ficos, publicaciones peri\u00f3dicas, partituras, materiales especiales a trav\u00e9s del cat\u00e1logo en l\u00ednea.<\/li>\n\n\n\n<li>Acceso a la biblioteca digital eLibro. Plataforma que permite el pr\u00e9stamo de libros electr\u00f3nicos a la comunidad del IUPA. Puede ser utilizada en cualquier dispositivo (PC, tablet, dispositivo m\u00f3vil).<\/li>\n\n\n\n<li>Buz\u00f3n de devoluciones.<\/li>\n\n\n\n<li>Acceso a red Wi- Fi.<\/li>\n<\/ul>\n<\/div>\n<\/div>\n<\/div>\n<\/div>\n<\/div><\/div>\n\n\n\n<div id=\"personal-universitario\" class=\"wp-block-uagb-container uagb-block-89c8e0f6 alignfull uagb-is-root-container\"><div class=\"uagb-container-inner-blocks-wrap\">\n<div class=\"wp-block-columns is-layout-flex wp-container-core-columns-is-layout-28f84493 wp-block-columns-is-layout-flex\">\n<div class=\"wp-block-column is-layout-flow wp-block-column-is-layout-flow\">\n<h2 class=\"wp-block-heading has-text-align-center has-ast-global-color-5-color has-text-color has-large-font-size\" style=\"font-style:normal;font-weight:600\">Personal Universitario<\/h2>\n<\/div>\n<\/div>\n<\/div><\/div>\n\n\n\n<div class=\"wp-block-uagb-container uagb-block-ce2788ce alignfull uagb-is-root-container\"><div class=\"uagb-container-inner-blocks-wrap\">\n<div class=\"wp-block-uagb-container uagb-block-18446680\">\n<div class=\"wp-block-uagb-container uagb-block-17ac6726\">\n<div class=\"wp-block-columns is-layout-flex wp-container-core-columns-is-layout-28f84493 wp-block-columns-is-layout-flex\">\n<div class=\"wp-block-column is-layout-flow wp-block-column-is-layout-flow\">\n<div class=\"wp-block-uagb-info-box uagb-block-d3321c57 uagb-infobox__content-wrap  uagb-infobox-icon-above-title uagb-infobox-image-valign-top\"><div class=\"uagb-ifb-content\"><div class=\"uagb-ifb-title-wrap\"><h3 class=\"uagb-ifb-title\">    Como Asociarse<\/h3><\/div><p class=\"uagb-ifb-desc\">El personal universitario, para registrarse como usuarios de la biblioteca, debe completar el  formulario electr\u00f3nico a seguir, o comunicarse por correo a <strong><a href=\"mailto:biblioteca@iupa.edu.ar\">biblioteca@iupa.edu.ar<\/a><\/strong> o dirigirse personalmente a la biblioteca.<br>.<\/p><div class=\"uagb-ifb-button-wrapper wp-block-button\"><a href=\"https:\/\/forms.gle\/iCm6D7ZTfjStvKY18\" class=\"uagb-infobox-cta-link wp-block-button__link\" target=\"_blank\" rel=\"noopener noreferrer\" onclick=\"return true;\"><span class=\"uagb-inline-editing\">Formulario<\/span><\/a><\/div><\/div><\/div>\n<\/div>\n\n\n\n<div class=\"wp-block-column is-layout-flow wp-block-column-is-layout-flow\">\n<div class=\"wp-block-uagb-advanced-heading uagb-block-7d01b95b\"><h2 class=\"uagb-heading-text\">      Servicios<\/h2><\/div>\n\n\n\n<ul class=\"wp-block-list\">\n<li>Pr\u00e9stamo a domicilio.<\/li>\n\n\n\n<li>Env\u00edo de listados bibliogr\u00e1ficos a pedido.<\/li>\n\n\n\n<li>Servicio de referencia.<\/li>\n\n\n\n<li>Consulta en Sala de Lectura.<\/li>\n\n\n\n<li>Consulta de materiales bibliogr\u00e1ficos, publicaciones peri\u00f3dicas, partituras, materiales especiales a trav\u00e9s del cat\u00e1logo en l\u00ednea.<\/li>\n\n\n\n<li>Acceso a la biblioteca digital eLibro. Plataforma que permite el pr\u00e9stamo de libros electr\u00f3nicos a la comunidad del IUPA. Se puede acceder desde cualquier dispositivo (PC, tablet, dispositivo m\u00f3vil).<\/li>\n\n\n\n<li>Buz\u00f3n de devoluciones.<\/li>\n\n\n\n<li>Acceso a red Wi- Fi.<\/li>\n<\/ul>\n<\/div>\n<\/div>\n<\/div>\n<\/div>\n<\/div><\/div>\n\n\n\n<div id=\"usuarios-externos\" class=\"wp-block-uagb-container uagb-block-303ae369 alignfull uagb-is-root-container\"><div class=\"uagb-container-inner-blocks-wrap\">\n<div class=\"wp-block-columns is-layout-flex wp-container-core-columns-is-layout-28f84493 wp-block-columns-is-layout-flex\">\n<div class=\"wp-block-column is-layout-flow wp-block-column-is-layout-flow\">\n<h2 class=\"wp-block-heading has-text-align-center has-ast-global-color-5-color has-text-color has-large-font-size\" style=\"font-style:normal;font-weight:600\">Usuarios Externos<\/h2>\n<\/div>\n<\/div>\n<\/div><\/div>\n\n\n\n<div class=\"wp-block-uagb-container uagb-block-88543c0e alignfull uagb-is-root-container\"><div class=\"uagb-container-inner-blocks-wrap\">\n<div class=\"wp-block-uagb-container uagb-block-a09538fd\">\n<div class=\"wp-block-uagb-advanced-heading uagb-block-be35df53\"><h2 class=\"uagb-heading-text\">Servicios<\/h2><\/div>\n<\/div>\n\n\n\n<div class=\"wp-block-uagb-container uagb-block-d1f82d37\">\n<div class=\"wp-block-uagb-container uagb-block-865062fb\">\n<div class=\"wp-block-columns is-layout-flex wp-container-core-columns-is-layout-5eace780 wp-block-columns-is-layout-flex\" style=\"padding-top:var(--wp--preset--spacing--30);padding-right:0;padding-bottom:var(--wp--preset--spacing--50);padding-left:0\">\n<div class=\"wp-block-column is-layout-flow wp-block-column-is-layout-flow\">\n<ul class=\"wp-block-list\">\n<li style=\"line-height:2\">Consulta en Sala de Lectura.<\/li>\n\n\n\n<li>Consulta de materiales bibliogr\u00e1ficos, publicaciones peri\u00f3dicas, partituras, materiales especiales a trav\u00e9s del cat\u00e1logo en l\u00ednea.<\/li>\n<\/ul>\n<\/div>\n\n\n\n<div class=\"wp-block-column is-layout-flow wp-block-column-is-layout-flow\">\n<ul class=\"wp-block-list\">\n<li>Servicio de referencia.<\/li>\n\n\n\n<li>Acceso a red Wi- Fi.<\/li>\n<\/ul>\n<\/div>\n<\/div>\n<\/div>\n<\/div>\n\n\n\n<div class=\"wp-block-uagb-container uagb-block-263d99ec\">\n<div class=\"wp-block-columns is-layout-flex wp-container-core-columns-is-layout-28f84493 wp-block-columns-is-layout-flex\">\n<div class=\"wp-block-column is-layout-flow wp-block-column-is-layout-flow\">\n<div class=\"wp-block-buttons alignwide is-content-justification-right is-layout-flex wp-container-core-buttons-is-layout-ed59bcea wp-block-buttons-is-layout-flex\">\n<div class=\"wp-block-button\"><a class=\"wp-block-button__link wp-element-button\" href=\"https:\/\/biblio.iupa.edu.ar\" style=\"letter-spacing:1px\">INICIO<\/a><\/div>\n<\/div>\n<\/div>\n<\/div>\n<\/div>\n<\/div><\/div>\n","protected":false},"excerpt":{"rendered":"<p>Estudiantes Servicios Docentes Servicios Personal Universitario Servicios Usuarios Externos Servicios<\/p>\n","protected":false},"author":1,"featured_media":0,"parent":0,"menu_order":0,"comment_status":"closed","ping_status":"closed","template":"","meta":{"_uag_custom_page_level_css":"","site-sidebar-layout":"no-sidebar","site-content-layout":"page-builder","ast-site-content-layout":"full-width-container","site-content-style":"unboxed","site-sidebar-style":"unboxed","ast-global-header-display":"","ast-banner-title-visibility":"","ast-main-header-display":"","ast-hfb-above-header-display":"","ast-hfb-below-header-display":"","ast-hfb-mobile-header-display":"","site-post-title":"disabled","ast-breadcrumbs-content":"","ast-featured-img":"disabled","footer-sml-layout":"","theme-transparent-header-meta":"enabled","adv-header-id-meta":"","stick-header-meta":"","header-above-stick-meta":"","header-main-stick-meta":"","header-below-stick-meta":"","astra-migrate-meta-layouts":"set","ast-page-background-enabled":"default","ast-page-background-meta":{"desktop":{"background-color":"var(--ast-global-color-4)","background-image":"","background-repeat":"repeat","background-position":"center center","background-size":"auto","background-attachment":"scroll","background-type":"","background-media":"","overlay-type":"","overlay-color":"","overlay-opacity":"","overlay-gradient":""},"tablet":{"background-color":"","background-image":"","background-repeat":"repeat","background-position":"center center","background-size":"auto","background-attachment":"scroll","background-type":"","background-media":"","overlay-type":"","overlay-color":"","overlay-opacity":"","overlay-gradient":""},"mobile":{"background-color":"","background-image":"","background-repeat":"repeat","background-position":"center center","background-size":"auto","background-attachment":"scroll","background-type":"","background-media":"","overlay-type":"","overlay-color":"","overlay-opacity":"","overlay-gradient":""}},"ast-content-background-meta":{"desktop":{"background-color":"var(--ast-global-color-5)","background-image":"","background-repeat":"repeat","background-position":"center center","background-size":"auto","background-attachment":"scroll","background-type":"","background-media":"","overlay-type":"","overlay-color":"","overlay-opacity":"","overlay-gradient":""},"tablet":{"background-color":"var(--ast-global-color-5)","background-image":"","background-repeat":"repeat","background-position":"center center","background-size":"auto","background-attachment":"scroll","background-type":"","background-media":"","overlay-type":"","overlay-color":"","overlay-opacity":"","overlay-gradient":""},"mobile":{"background-color":"var(--ast-global-color-5)","background-image":"","background-repeat":"repeat","background-position":"center center","background-size":"auto","background-attachment":"scroll","background-type":"","background-media":"","overlay-type":"","overlay-color":"","overlay-opacity":"","overlay-gradient":""}},"footnotes":""},"class_list":["post-357","page","type-page","status-publish","hentry"],"uagb_featured_image_src":{"full":false,"thumbnail":false,"medium":false,"medium_large":false,"large":false,"1536x1536":false,"2048x2048":false},"uagb_author_info":{"display_name":"ldamaso","author_link":"https:\/\/biblio.iupa.edu.ar\/?author=1"},"uagb_comment_info":0,"uagb_excerpt":"Estudiantes Servicios Docentes Servicios Personal Universitario Servicios Usuarios Externos Servicios","_links":{"self":[{"href":"https:\/\/biblio.iupa.edu.ar\/index.php?rest_route=\/wp\/v2\/pages\/357","targetHints":{"allow":["GET"]}}],"collection":[{"href":"https:\/\/biblio.iupa.edu.ar\/index.php?rest_route=\/wp\/v2\/pages"}],"about":[{"href":"https:\/\/biblio.iupa.edu.ar\/index.php?rest_route=\/wp\/v2\/types\/page"}],"author":[{"embeddable":true,"href":"https:\/\/biblio.iupa.edu.ar\/index.php?rest_route=\/wp\/v2\/users\/1"}],"replies":[{"embeddable":true,"href":"https:\/\/biblio.iupa.edu.ar\/index.php?rest_route=%2Fwp%2Fv2%2Fcomments&post=357"}],"version-history":[{"count":21,"href":"https:\/\/biblio.iupa.edu.ar\/index.php?rest_route=\/wp\/v2\/pages\/357\/revisions"}],"predecessor-version":[{"id":3467,"href":"https:\/\/biblio.iupa.edu.ar\/index.php?rest_route=\/wp\/v2\/pages\/357\/revisions\/3467"}],"wp:attachment":[{"href":"https:\/\/biblio.iupa.edu.ar\/index.php?rest_route=%2Fwp%2Fv2%2Fmedia&parent=357"}],"curies":[{"name":"wp","href":"https:\/\/api.w.org\/{rel}","templated":true}]}}