{"id":359,"date":"2022-05-04T07:21:47","date_gmt":"2022-05-04T10:21:47","guid":{"rendered":"https:\/\/biblio.iupa.edu.ar\/index.php\/programs\/"},"modified":"2025-05-07T18:37:29","modified_gmt":"2025-05-07T21:37:29","slug":"noticias","status":"publish","type":"page","link":"https:\/\/biblio.iupa.edu.ar\/?page_id=359","title":{"rendered":"Noticias"},"content":{"rendered":"\n<div class=\"wp-block-uagb-container uagb-block-b9c94df7 default uagb-is-root-container\">\n<div class=\"wp-block-uagb-advanced-heading uagb-block-340d143c\"><h2 class=\"uagb-heading-text\">Noticias de la Biblioteca<\/h2><\/div>\n<\/div>\n\n\n\n<div class=\"wp-block-uagb-container uagb-block-8494313b alignfull uagb-is-root-container\"><div class=\"uagb-container-inner-blocks-wrap\">\n<div class=\"wp-block-uagb-container uagb-block-6bd8066b\">\n<p class=\"has-ast-global-color-3-color has-text-color\" style=\"letter-spacing:1px\">Publicamos esta sesi\u00f3n, donde son informamos los principales eventos y noticias de la biblioteca para que los usuarios est\u00e9n actualizados de los principales acontecimientos de inter\u00e9s de  nuestra comunidad, relacionados a la Biblioteca Universitaria del IUPA.<\/p>\n<\/div>\n<\/div><\/div>\n\n\n\n<div class=\"wp-block-uagb-container uagb-block-489a7dd9 alignfull uagb-is-root-container\"><div class=\"uagb-container-inner-blocks-wrap\">\n<div class=\"wp-block-uagb-container uagb-block-b5bf6c2d\">\n<div class=\"wp-block-uagb-info-box uagb-block-fb0667de uagb-infobox__content-wrap  uagb-infobox-icon-left uagb-infobox-left uagb-infobox-stacked-mobile uagb-infobox-image-valign-top\"><div class=\"uagb-ifb-image-content\"><img decoding=\"async\" src=\"https:\/\/biblio.iupa.edu.ar\/wp-content\/uploads\/2025\/05\/sala-de-lectura-21-1268x713-1.jpg\" alt=\"\" width=\"300\" height=\"168\" loading=\"lazy\"\/><\/div><div class=\"uagb-ifb-content\"><div class=\"uagb-ifb-title-wrap\"><h3 class=\"uagb-ifb-title\"><strong>La Biblioteca del Iupa inaugura nueva Sala de Lectura<\/strong><\/h3><\/div><p class=\"uagb-ifb-desc\">La Biblioteca del IUPA informa que ya se encuentra disponible una nueva sala de lectura destinada a estudiantes. Este espacio fue pensado para brindar comodidad y tranquilidad al momento de estudiar, con buena iluminaci\u00f3n y acceso a enchufes para cargar celulares, conectar notebooks y otros dispositivos electr\u00f3nicos.<br>El horario de uso es de lunes a viernes, de 8 a 20 h.<br><\/p><div class=\"uagb-ifb-button-wrapper wp-block-button\"><a href=\"https:\/\/iupa.edu.ar\/sitio\/la-biblioteca-del-iupa-inaugura-nueva-sala-de-lectura\/\" target=\"_blank\" onclick=\"return true;\" class=\"uagb-infobox-cta-link\" rel=\"noopener noreferrer\"><svg xmlns=\"https:\/\/www.w3.org\/2000\/svg\" viewBox=\"0 0 512 512\"><path d=\"M256 0C114.6 0 0 114.6 0 256c0 141.4 114.6 256 256 256s256-114.6 256-256C512 114.6 397.4 0 256 0zM406.6 278.6l-103.1 103.1c-12.5 12.5-32.75 12.5-45.25 0s-12.5-32.75 0-45.25L306.8 288H128C110.3 288 96 273.7 96 256s14.31-32 32-32h178.8l-49.38-49.38c-12.5-12.5-12.5-32.75 0-45.25s32.75-12.5 45.25 0l103.1 103.1C414.6 241.3 416 251.1 416 256C416 260.9 414.6 270.7 406.6 278.6z\"><\/path><\/svg><span class=\"uagb-inline-editing\">          Ingresar<\/span><\/a><\/div><\/div><\/div>\n<\/div>\n<\/div><\/div>\n\n\n\n<div class=\"wp-block-uagb-container uagb-block-878b58f3 alignfull uagb-is-root-container\"><div class=\"uagb-container-inner-blocks-wrap\">\n<div class=\"wp-block-uagb-container uagb-block-af51d98f\">\n<div class=\"wp-block-uagb-info-box uagb-block-3ad884eb uagb-infobox__content-wrap  uagb-infobox-icon-left uagb-infobox-left uagb-infobox-stacked-mobile uagb-infobox-image-valign-top\"><div class=\"uagb-ifb-image-content\"><img decoding=\"async\" src=\"https:\/\/biblio.iupa.edu.ar\/wp-content\/uploads\/2023\/05\/BDU.png\" alt=\"\" width=\"300\" height=\"199\" loading=\"lazy\"\/><\/div><div class=\"uagb-ifb-content\"><div class=\"uagb-ifb-title-wrap\"><h3 class=\"uagb-ifb-title\"><strong><strong><strong><strong>Cat\u00e1logo Bibliogr\u00e1fico Cooperativo\/SIU BDU<\/strong><\/strong><\/strong><\/strong><\/h3><\/div><p class=\"uagb-ifb-desc\">La Biblioteca Universitaria de IUPA ahora es integrante del Cat\u00e1logo Bibliogr\u00e1fico Cooperativa de SIU.<br>La&nbsp;<strong>BDU<\/strong>&nbsp;es un explorador que re\u00fane los recursos de informaci\u00f3n que poseen las bibliotecas y centros de investigaci\u00f3n argentinos. Brinda acceso al texto completo de los objetos digitales depositados en los repositorios institucionales y expone registros referenciales de los objetos f\u00edsicos que se encuentran en las bibliotecas aportantes.<\/p><div class=\"uagb-ifb-button-wrapper wp-block-button\"><a href=\"https:\/\/bdu.siu.edu.ar\/\" target=\"_blank\" onclick=\"return true;\" class=\"uagb-infobox-cta-link\" rel=\"noopener noreferrer\"><svg xmlns=\"https:\/\/www.w3.org\/2000\/svg\" viewBox=\"0 0 512 512\"><path d=\"M256 0C114.6 0 0 114.6 0 256c0 141.4 114.6 256 256 256s256-114.6 256-256C512 114.6 397.4 0 256 0zM406.6 278.6l-103.1 103.1c-12.5 12.5-32.75 12.5-45.25 0s-12.5-32.75 0-45.25L306.8 288H128C110.3 288 96 273.7 96 256s14.31-32 32-32h178.8l-49.38-49.38c-12.5-12.5-12.5-32.75 0-45.25s32.75-12.5 45.25 0l103.1 103.1C414.6 241.3 416 251.1 416 256C416 260.9 414.6 270.7 406.6 278.6z\"><\/path><\/svg><span class=\"uagb-inline-editing\">          Ingresar<\/span><\/a><\/div><\/div><\/div>\n<\/div>\n<\/div><\/div>\n\n\n\n<div class=\"wp-block-uagb-container uagb-block-1b3f82c4 alignfull uagb-is-root-container\"><div class=\"uagb-container-inner-blocks-wrap\">\n<div class=\"wp-block-uagb-container uagb-block-5b99f822\">\n<div class=\"wp-block-uagb-info-box uagb-block-645a6ed0 uagb-infobox__content-wrap  uagb-infobox-icon-left uagb-infobox-left uagb-infobox-stacked-mobile uagb-infobox-image-valign-top\"><div class=\"uagb-ifb-image-content\"><img decoding=\"async\" src=\"https:\/\/biblio.iupa.edu.ar\/wp-content\/uploads\/2023\/05\/logo-bidi-CHI-OK.jpg\" alt=\"\" width=\"300\" height=\"165\" loading=\"lazy\"\/><\/div><div class=\"uagb-ifb-content\"><div class=\"uagb-ifb-title-wrap\"><h3 class=\"uagb-ifb-title\"><strong><strong>Biblioteca Digital BIDI\/CIN<\/strong><\/strong><\/h3><\/div><p class=\"uagb-ifb-desc\">La Biblioteca pone a disposici\u00f3n para su acceso, la Colecci\u00f3n Interuniversitaria Digital (CID\/CIN) de BiDi, especializada en educaci\u00f3n superior universitaria con \u00e9nfasis en la regi\u00f3n argentina y latinoamericana, proporcionada mediante el Consejo Interuniversitario Nacional CIN, donde cada usuario tiene acceso a una gran variedad de recursos y t\u00edtulos de libros, revistas, tesis e informes en formato electr\u00f3nico y en espa\u00f1ol, para su consulta, lectura o descarga a texto completo.<\/p><div class=\"uagb-ifb-button-wrapper wp-block-button\"><a href=\"https:\/\/www.bidi.la\/account\/iupa\/login\" target=\"_blank\" onclick=\"return true;\" class=\"uagb-infobox-cta-link\" rel=\"noopener noreferrer\"><svg xmlns=\"https:\/\/www.w3.org\/2000\/svg\" viewBox=\"0 0 512 512\"><path d=\"M256 0C114.6 0 0 114.6 0 256c0 141.4 114.6 256 256 256s256-114.6 256-256C512 114.6 397.4 0 256 0zM406.6 278.6l-103.1 103.1c-12.5 12.5-32.75 12.5-45.25 0s-12.5-32.75 0-45.25L306.8 288H128C110.3 288 96 273.7 96 256s14.31-32 32-32h178.8l-49.38-49.38c-12.5-12.5-12.5-32.75 0-45.25s32.75-12.5 45.25 0l103.1 103.1C414.6 241.3 416 251.1 416 256C416 260.9 414.6 270.7 406.6 278.6z\"><\/path><\/svg><span class=\"uagb-inline-editing\">          Ingresar<\/span><\/a><\/div><\/div><\/div>\n<\/div>\n<\/div><\/div>\n\n\n\n<div class=\"wp-block-uagb-container uagb-block-a53010c0 alignfull uagb-is-root-container\"><div class=\"uagb-container-inner-blocks-wrap\">\n<div class=\"wp-block-uagb-container uagb-block-3ca9c1fc\">\n<div class=\"wp-block-uagb-info-box uagb-block-5b09a8b2 uagb-infobox__content-wrap  uagb-infobox-icon-left uagb-infobox-left uagb-infobox-stacked-mobile uagb-infobox-image-valign-top\"><div class=\"uagb-ifb-image-content\"><img decoding=\"async\" src=\"https:\/\/biblio.iupa.edu.ar\/wp-content\/uploads\/2023\/05\/nueva-sede.jpg\" alt=\"\" width=\"300\" height=\"188\" loading=\"lazy\"\/><\/div><div class=\"uagb-ifb-content\"><div class=\"uagb-ifb-title-wrap\"><h3 class=\"uagb-ifb-title\"><strong>Nueva Sede de Nuestra Biblioteca del IUPA<\/strong><\/h3><\/div><p class=\"uagb-ifb-desc\"> La comunidad de IUPA podr\u00e1 aprovechar tambi\u00e9n este nuevo beneficio: una segunda sede de nuestra Biblioteca, que funcionar\u00e1 en el Museo Patagonico de Ciencias Naturales.<br>&nbsp;En este espacio se podr\u00e1n hacer devoluciones de libros, tr\u00e1mites y consultas sobre el funcionamiento de los distintos servicios.<br>El <strong>horario de atenci\u00f3n<\/strong> es de 8 a 13 h.<\/p><div class=\"uagb-ifb-button-wrapper wp-block-button\"><a href=\"https:\/\/iupa.edu.ar\/sitio\/nueva-sede-de-nuestra-biblioteca-del-iupa\/\" target=\"_blank\" onclick=\"return true;\" class=\"uagb-infobox-cta-link\" rel=\"noopener noreferrer\"><svg xmlns=\"https:\/\/www.w3.org\/2000\/svg\" viewBox=\"0 0 512 512\"><path d=\"M256 0C114.6 0 0 114.6 0 256c0 141.4 114.6 256 256 256s256-114.6 256-256C512 114.6 397.4 0 256 0zM406.6 278.6l-103.1 103.1c-12.5 12.5-32.75 12.5-45.25 0s-12.5-32.75 0-45.25L306.8 288H128C110.3 288 96 273.7 96 256s14.31-32 32-32h178.8l-49.38-49.38c-12.5-12.5-12.5-32.75 0-45.25s32.75-12.5 45.25 0l103.1 103.1C414.6 241.3 416 251.1 416 256C416 260.9 414.6 270.7 406.6 278.6z\"><\/path><\/svg><span class=\"uagb-inline-editing\">          Leer m\u00e1s<\/span><\/a><\/div><\/div><\/div>\n<\/div>\n<\/div><\/div>\n\n\n\n<div class=\"wp-block-uagb-container uagb-block-fe01a163 alignfull uagb-is-root-container\"><div class=\"uagb-container-inner-blocks-wrap\">\n<div class=\"wp-block-uagb-container uagb-block-5a1130b8\">\n<div class=\"wp-block-uagb-info-box uagb-block-3b9fa4cb uagb-infobox__content-wrap  uagb-infobox-icon-left uagb-infobox-left uagb-infobox-stacked-mobile uagb-infobox-image-valign-top\"><div class=\"uagb-ifb-image-content\"><img decoding=\"async\" src=\"https:\/\/biblio.iupa.edu.ar\/wp-content\/uploads\/2023\/05\/fondo-editorial.png\" alt=\"\" width=\"300\" height=\"168\" loading=\"lazy\"\/><\/div><div class=\"uagb-ifb-content\"><div class=\"uagb-ifb-title-wrap\"><h3 class=\"uagb-ifb-title\"><strong>La Biblioteca de IUPA recibi\u00f3 obras del Fondo Editorial Rionegrino<\/strong><\/h3><\/div><p class=\"uagb-ifb-desc\"> La Biblioteca del IUPA recibi\u00f3 del Fondo Editorial Rionegrino la donaci\u00f3n de seis libros pertenecientes a las \u00e1reas de Teatro y M\u00fasica. Esta entrega enriquece el fondo bibliogr\u00e1fico regional de la biblioteca ya que se trata de material producido por autores rionegrinos.<\/p><div class=\"uagb-ifb-button-wrapper wp-block-button\"><a href=\"https:\/\/iupa.edu.ar\/sitio\/la-biblioteca-de-iupa-recibio-obras-del-fondo-editorial-rionegrino\/\" target=\"_blank\" onclick=\"return true;\" class=\"uagb-infobox-cta-link\" rel=\"noopener noreferrer\"><svg xmlns=\"https:\/\/www.w3.org\/2000\/svg\" viewBox=\"0 0 512 512\"><path d=\"M256 0C114.6 0 0 114.6 0 256c0 141.4 114.6 256 256 256s256-114.6 256-256C512 114.6 397.4 0 256 0zM406.6 278.6l-103.1 103.1c-12.5 12.5-32.75 12.5-45.25 0s-12.5-32.75 0-45.25L306.8 288H128C110.3 288 96 273.7 96 256s14.31-32 32-32h178.8l-49.38-49.38c-12.5-12.5-12.5-32.75 0-45.25s32.75-12.5 45.25 0l103.1 103.1C414.6 241.3 416 251.1 416 256C416 260.9 414.6 270.7 406.6 278.6z\"><\/path><\/svg><span class=\"uagb-inline-editing\">          Leer m\u00e1s<\/span><\/a><\/div><\/div><\/div>\n<\/div>\n<\/div><\/div>\n\n\n\n<div class=\"wp-block-uagb-container uagb-block-55974ed3 alignfull uagb-is-root-container\"><div class=\"uagb-container-inner-blocks-wrap\">\n<div class=\"wp-block-uagb-container uagb-block-bfb95764\">\n<div class=\"wp-block-uagb-info-box uagb-block-ab02276c uagb-infobox__content-wrap  uagb-infobox-icon-left uagb-infobox-left uagb-infobox-stacked-mobile uagb-infobox-image-valign-top\"><div class=\"uagb-ifb-image-content\"><img decoding=\"async\" src=\"https:\/\/biblio.iupa.edu.ar\/wp-content\/uploads\/2023\/05\/donacion-publlicaciones.jpeg\" alt=\"\" width=\"300\" height=\"168\" loading=\"lazy\"\/><\/div><div class=\"uagb-ifb-content\"><div class=\"uagb-ifb-title-wrap\"><h3 class=\"uagb-ifb-title\"><strong>Importante donaci\u00f3n de material a nuestra Biblioteca<\/strong><\/h3><\/div><p class=\"uagb-ifb-desc\"> La Biblioteca recibi\u00f3 una valiosa donaci\u00f3n de publicaciones editadas por la Academia Nacional de Bellas Artes (ANBA). Fue gestionada por el Lic. Eduardo Guevara, miembro acad\u00e9mico delegado de dicha instituci\u00f3n y ex docente de esta universidad.<br>Uno de los fines de la ANBA es contribuir al desarrollo de las bellas artes en todas sus ramas: artes visuales, m\u00fasica, arquitectura y urbanismo, historia y cr\u00edtica de arte, y acci\u00f3n cultural.<\/p><div class=\"uagb-ifb-button-wrapper wp-block-button\"><a href=\"https:\/\/iupa.edu.ar\/sitio\/importante-donacion-de-material-a-nuestra-biblioteca\/\" target=\"_blank\" onclick=\"return true;\" class=\"uagb-infobox-cta-link\" rel=\"noopener noreferrer\"><svg xmlns=\"https:\/\/www.w3.org\/2000\/svg\" viewBox=\"0 0 512 512\"><path d=\"M256 0C114.6 0 0 114.6 0 256c0 141.4 114.6 256 256 256s256-114.6 256-256C512 114.6 397.4 0 256 0zM406.6 278.6l-103.1 103.1c-12.5 12.5-32.75 12.5-45.25 0s-12.5-32.75 0-45.25L306.8 288H128C110.3 288 96 273.7 96 256s14.31-32 32-32h178.8l-49.38-49.38c-12.5-12.5-12.5-32.75 0-45.25s32.75-12.5 45.25 0l103.1 103.1C414.6 241.3 416 251.1 416 256C416 260.9 414.6 270.7 406.6 278.6z\"><\/path><\/svg><span class=\"uagb-inline-editing\">          Leer m\u00e1s<\/span><\/a><\/div><\/div><\/div>\n<\/div>\n<\/div><\/div>\n\n\n\n<div class=\"wp-block-uagb-container uagb-block-72c271b7 alignfull uagb-is-root-container\"><div class=\"uagb-container-inner-blocks-wrap\">\n<div class=\"wp-block-uagb-container uagb-block-386f65ae\">\n<div class=\"wp-block-uagb-info-box uagb-block-5959d51a uagb-infobox__content-wrap  uagb-infobox-icon-left uagb-infobox-left uagb-infobox-stacked-mobile uagb-infobox-image-valign-top\"><div class=\"uagb-ifb-image-content\"><img decoding=\"async\" src=\"https:\/\/biblio.iupa.edu.ar\/wp-content\/uploads\/2023\/05\/buzon.jpg\" alt=\"\" width=\"300\" height=\"168\" loading=\"lazy\"\/><\/div><div class=\"uagb-ifb-content\"><div class=\"uagb-ifb-title-wrap\"><h3 class=\"uagb-ifb-title\"><strong>Nuevo servicio de devoluci\u00f3n de libros en Biblioteca<\/strong><\/h3><\/div><p class=\"uagb-ifb-desc\">La Biblioteca puso a disposici\u00f3n un nuevo servicio para la comunidad IUPA: el Buz\u00f3n de Devoluciones.<br>Este buz\u00f3n est\u00e1 ubicado en la puerta de la Biblioteca y tiene como finalidad facilitar la devoluci\u00f3n del material bibliogr\u00e1fico fuera de horario o bien cuando la Biblioteca est\u00e1 cerrada.<\/p><div class=\"uagb-ifb-button-wrapper wp-block-button\"><a href=\"https:\/\/iupa.edu.ar\/sitio\/nuevo-servicio-de-devolucion-de-libros-en-biblioteca\/\" target=\"_blank\" onclick=\"return true;\" class=\"uagb-infobox-cta-link\" rel=\"noopener noreferrer\"><svg xmlns=\"https:\/\/www.w3.org\/2000\/svg\" viewBox=\"0 0 512 512\"><path d=\"M256 0C114.6 0 0 114.6 0 256c0 141.4 114.6 256 256 256s256-114.6 256-256C512 114.6 397.4 0 256 0zM406.6 278.6l-103.1 103.1c-12.5 12.5-32.75 12.5-45.25 0s-12.5-32.75 0-45.25L306.8 288H128C110.3 288 96 273.7 96 256s14.31-32 32-32h178.8l-49.38-49.38c-12.5-12.5-12.5-32.75 0-45.25s32.75-12.5 45.25 0l103.1 103.1C414.6 241.3 416 251.1 416 256C416 260.9 414.6 270.7 406.6 278.6z\"><\/path><\/svg><span class=\"uagb-inline-editing\">          Leer m\u00e1s<\/span><\/a><\/div><\/div><\/div>\n<\/div>\n<\/div><\/div>\n\n\n\n<div class=\"wp-block-uagb-container uagb-block-949cb21b alignfull uagb-is-root-container\"><div class=\"uagb-container-inner-blocks-wrap\">\n<div class=\"wp-block-uagb-container uagb-block-6c40835f\">\n<div class=\"wp-block-buttons is-content-justification-right is-layout-flex wp-container-core-buttons-is-layout-d445cf74 wp-block-buttons-is-layout-flex\">\n<div class=\"wp-block-button is-style-fill\"><a class=\"wp-block-button__link has-ast-global-color-3-color has-ast-global-color-7-background-color has-text-color has-background wp-element-button\" href=\"https:\/\/biblio.iupa.edu.ar\/\" style=\"letter-spacing:1px\">INICIO<\/a><\/div>\n<\/div>\n<\/div>\n<\/div><\/div>\n","protected":false},"excerpt":{"rendered":"<p>Noticias de la Biblioteca Publicamos esta sesi\u00f3n, donde son informamos los principales eventos y noticias de la biblioteca para que los usuarios est\u00e9n actualizados de los principales acontecimientos de inter\u00e9s de nuestra comunidad, relacionados a la Biblioteca Universitaria del IUPA.<\/p>\n","protected":false},"author":1,"featured_media":0,"parent":0,"menu_order":0,"comment_status":"closed","ping_status":"closed","template":"","meta":{"_uag_custom_page_level_css":"","site-sidebar-layout":"no-sidebar","site-content-layout":"page-builder","ast-site-content-layout":"full-width-container","site-content-style":"unboxed","site-sidebar-style":"unboxed","ast-global-header-display":"","ast-banner-title-visibility":"","ast-main-header-display":"","ast-hfb-above-header-display":"","ast-hfb-below-header-display":"","ast-hfb-mobile-header-display":"","site-post-title":"disabled","ast-breadcrumbs-content":"","ast-featured-img":"disabled","footer-sml-layout":"","theme-transparent-header-meta":"enabled","adv-header-id-meta":"","stick-header-meta":"","header-above-stick-meta":"","header-main-stick-meta":"","header-below-stick-meta":"","astra-migrate-meta-layouts":"set","ast-page-background-enabled":"default","ast-page-background-meta":{"desktop":{"background-color":"var(--ast-global-color-4)","background-image":"","background-repeat":"repeat","background-position":"center center","background-size":"auto","background-attachment":"scroll","background-type":"","background-media":"","overlay-type":"","overlay-color":"","overlay-opacity":"","overlay-gradient":""},"tablet":{"background-color":"","background-image":"","background-repeat":"repeat","background-position":"center center","background-size":"auto","background-attachment":"scroll","background-type":"","background-media":"","overlay-type":"","overlay-color":"","overlay-opacity":"","overlay-gradient":""},"mobile":{"background-color":"","background-image":"","background-repeat":"repeat","background-position":"center center","background-size":"auto","background-attachment":"scroll","background-type":"","background-media":"","overlay-type":"","overlay-color":"","overlay-opacity":"","overlay-gradient":""}},"ast-content-background-meta":{"desktop":{"background-color":"var(--ast-global-color-5)","background-image":"","background-repeat":"repeat","background-position":"center center","background-size":"auto","background-attachment":"scroll","background-type":"","background-media":"","overlay-type":"","overlay-color":"","overlay-opacity":"","overlay-gradient":""},"tablet":{"background-color":"var(--ast-global-color-5)","background-image":"","background-repeat":"repeat","background-position":"center center","background-size":"auto","background-attachment":"scroll","background-type":"","background-media":"","overlay-type":"","overlay-color":"","overlay-opacity":"","overlay-gradient":""},"mobile":{"background-color":"var(--ast-global-color-5)","background-image":"","background-repeat":"repeat","background-position":"center center","background-size":"auto","background-attachment":"scroll","background-type":"","background-media":"","overlay-type":"","overlay-color":"","overlay-opacity":"","overlay-gradient":""}},"footnotes":""},"class_list":["post-359","page","type-page","status-publish","hentry"],"uagb_featured_image_src":{"full":false,"thumbnail":false,"medium":false,"medium_large":false,"large":false,"1536x1536":false,"2048x2048":false},"uagb_author_info":{"display_name":"ldamaso","author_link":"https:\/\/biblio.iupa.edu.ar\/?author=1"},"uagb_comment_info":0,"uagb_excerpt":"Noticias de la Biblioteca Publicamos esta sesi\u00f3n, donde son informamos los principales eventos y noticias de la biblioteca para que los usuarios est\u00e9n actualizados de los principales acontecimientos de inter\u00e9s de nuestra comunidad, relacionados a la Biblioteca Universitaria del IUPA.","_links":{"self":[{"href":"https:\/\/biblio.iupa.edu.ar\/index.php?rest_route=\/wp\/v2\/pages\/359","targetHints":{"allow":["GET"]}}],"collection":[{"href":"https:\/\/biblio.iupa.edu.ar\/index.php?rest_route=\/wp\/v2\/pages"}],"about":[{"href":"https:\/\/biblio.iupa.edu.ar\/index.php?rest_route=\/wp\/v2\/types\/page"}],"author":[{"embeddable":true,"href":"https:\/\/biblio.iupa.edu.ar\/index.php?rest_route=\/wp\/v2\/users\/1"}],"replies":[{"embeddable":true,"href":"https:\/\/biblio.iupa.edu.ar\/index.php?rest_route=%2Fwp%2Fv2%2Fcomments&post=359"}],"version-history":[{"count":47,"href":"https:\/\/biblio.iupa.edu.ar\/index.php?rest_route=\/wp\/v2\/pages\/359\/revisions"}],"predecessor-version":[{"id":3490,"href":"https:\/\/biblio.iupa.edu.ar\/index.php?rest_route=\/wp\/v2\/pages\/359\/revisions\/3490"}],"wp:attachment":[{"href":"https:\/\/biblio.iupa.edu.ar\/index.php?rest_route=%2Fwp%2Fv2%2Fmedia&parent=359"}],"curies":[{"name":"wp","href":"https:\/\/api.w.org\/{rel}","templated":true}]}}